{"id":10623,"date":"2020-10-31T18:44:30","date_gmt":"2020-10-31T17:44:30","guid":{"rendered":"https:\/\/cienfuegos.fr\/?post_type=product&#038;p=10623"},"modified":"2020-10-31T18:44:30","modified_gmt":"2020-10-31T17:44:30","slug":"trilogia-involuntaria","status":"publish","type":"product","link":"https:\/\/cienfuegos.fr\/index.php\/product\/trilogia-involuntaria\/","title":{"rendered":"Trilog\u00eda involuntaria"},"content":{"rendered":"","protected":false},"excerpt":{"rendered":"<p>Autor:Levrero, Mario<br \/>\nEditorial: De Bolsillo<br \/>\nA\u00f1o de publicaci\u00f3n:<br \/>\nN\u00famero de p\u00e1ginas:<br \/>\nI.S.B.N:<\/p>\n<p>La ciudad , El lugar y Par\u00eds son las tres primeras novelas de Mario Levrero. Publicadas entre 1970 y 1982, componen lo que \u00e9l llam\u00f3 \u00abTrilog\u00eda involuntaria\u00bb, pues comparten, sin deberse a un plan inicial, cierta unidad tem\u00e1tica e incluso topol\u00f3gica. Los personajes de La ciudad , El lugar y Par\u00eds pueblan escenarios sembrados de lastre y dilaci\u00f3n, en los que el sue\u00f1o da paso a la amenaza y lo fant\u00e1stico aparece entre las ruinas de lo real. Reunidas por primera vez en un volumen \u00fanico, estas nouvelles ocupan un lugar central en la obra de este maestro secreto. La escritura de Levrero, articulada entre el humor y el desasosiego, se concreta en una prosa limpia, fondeada en lo psicol\u00f3gico, que retrata con asombrosa vivacidad el aislamiento y la alienaci\u00f3n del hombre moderno. Mario Levrero, rara avis de la literatura hispanoamericana, ha sido comparado con Kafka y Onetti, y venerado por sucesivas generaciones de escritores desde hace m\u00e1s de treinta a\u00f1os. Rese\u00f1a: \u00abUn estilo y una imaginaci\u00f3n como los de Levrero son raros en la literatura escrita en espa\u00f1ol. \u00bb<\/p>\n","protected":false},"featured_media":0,"comment_status":"open","ping_status":"closed","template":"","meta":[],"class_list":{"0":"post-10623","1":"product","2":"type-product","3":"status-publish","5":"product_cat-narrativa","6":"post","8":"first","9":"instock","10":"taxable","11":"shipping-taxable","12":"purchasable","13":"product-type-simple"},"_links":{"self":[{"href":"https:\/\/cienfuegos.fr\/index.php\/wp-json\/wp\/v2\/product\/10623","targetHints":{"allow":["GET"]}}],"collection":[{"href":"https:\/\/cienfuegos.fr\/index.php\/wp-json\/wp\/v2\/product"}],"about":[{"href":"https:\/\/cienfuegos.fr\/index.php\/wp-json\/wp\/v2\/types\/product"}],"replies":[{"embeddable":true,"href":"https:\/\/cienfuegos.fr\/index.php\/wp-json\/wp\/v2\/comments?post=10623"}],"wp:attachment":[{"href":"https:\/\/cienfuegos.fr\/index.php\/wp-json\/wp\/v2\/media?parent=10623"}],"curies":[{"name":"wp","href":"https:\/\/api.w.org\/{rel}","templated":true}]}}