{"id":10599,"date":"2020-10-31T17:29:12","date_gmt":"2020-10-31T16:29:12","guid":{"rendered":"https:\/\/cienfuegos.fr\/?post_type=product&#038;p=10599"},"modified":"2020-10-31T17:29:12","modified_gmt":"2020-10-31T16:29:12","slug":"en-la-sala-de-espera","status":"publish","type":"product","link":"https:\/\/cienfuegos.fr\/index.php\/product\/en-la-sala-de-espera\/","title":{"rendered":"En la sala de espera"},"content":{"rendered":"","protected":false},"excerpt":{"rendered":"<p>Autor: Mallea, Eduardo<br \/>\nEditorial: Sudamericana<br \/>\nA\u00f1o de publicaci\u00f3n:<br \/>\nN\u00famero de p\u00e1ginas:<br \/>\nI.S.B.N:<\/p>\n<p>Editorial Sudamericana, Buenos Aires, 1957. Condici\u00f3n: Bueno. 224 p\u00e1ginas. Subrayaba recientemente Maurice Blanchot, en un l\u00facido ensayo acerca del destino de la literatura, un hecho importante: la dificultad de catalogar, dentro de los g\u00e9neros literarios convencionales, las obras m\u00e1s expresivas de este momento. \u00abS\u00f3lo importa ya el libro tal como es ?dec\u00eda? , puestos de lado todos los g\u00e9neros literarios y las r\u00fabricas (prosa, poes\u00eda, novela o testimonio) bajo los cuales rehusa ser clasificado. Todo sucede como si los g\u00e9neros literarios hubieran desaparecido.\u00bb As\u00ed, de esta nueva obra de Eduardo Mallea, puede decirse que no es una novela ni una obra de teatro ni un poema, y que no se trata tampoco del consabido libro de relatos dispares. Mas cabe tambi\u00e9n afirmar que este libro es, a la vez, novela, cuento, teatro y poema: una novela integrada por siete novelas cuyos siete protagonistas no se conocen entre s\u00ed; una obra de teatro compuesta por siete mon\u00f3logos paralelos incluidos en un mismo clima, lugar y tiempo; un poema de formas cuyo origen se remonta . a la era de Eur\u00edpides. Siete almas, siete destinos, se hallan moment\u00e1neamente reunidos en la sala de espera de una estaci\u00f3n de ferrocarril rural. Es la medianoche y en torno a la escena silenciosa la pampa traza su c\u00edrculo de soledad. Cada una de esas almas examina en la noche peculiar\u00edsima la tormenta a que ha llegado. El infortunio de conciencia y el ansia de rescatarse planea sobre estos personajes, cuya reducci\u00f3n metaf\u00edsica se alberga en la idea de la necesidad humana de absoluto, sea por una ilusi\u00f3n de felicidad total, sea por la expiaci\u00f3n.<\/p>\n","protected":false},"featured_media":0,"comment_status":"open","ping_status":"closed","template":"","meta":[],"class_list":{"0":"post-10599","1":"product","2":"type-product","3":"status-publish","5":"product_cat-narrativa","6":"post","8":"first","9":"instock","10":"taxable","11":"shipping-taxable","12":"purchasable","13":"product-type-simple"},"_links":{"self":[{"href":"https:\/\/cienfuegos.fr\/index.php\/wp-json\/wp\/v2\/product\/10599","targetHints":{"allow":["GET"]}}],"collection":[{"href":"https:\/\/cienfuegos.fr\/index.php\/wp-json\/wp\/v2\/product"}],"about":[{"href":"https:\/\/cienfuegos.fr\/index.php\/wp-json\/wp\/v2\/types\/product"}],"replies":[{"embeddable":true,"href":"https:\/\/cienfuegos.fr\/index.php\/wp-json\/wp\/v2\/comments?post=10599"}],"wp:attachment":[{"href":"https:\/\/cienfuegos.fr\/index.php\/wp-json\/wp\/v2\/media?parent=10599"}],"curies":[{"name":"wp","href":"https:\/\/api.w.org\/{rel}","templated":true}]}}