{"id":10597,"date":"2020-10-31T17:25:50","date_gmt":"2020-10-31T16:25:50","guid":{"rendered":"https:\/\/cienfuegos.fr\/?post_type=product&#038;p=10597"},"modified":"2020-10-31T17:25:50","modified_gmt":"2020-10-31T16:25:50","slug":"en-la-creciente-oscuridad","status":"publish","type":"product","link":"https:\/\/cienfuegos.fr\/index.php\/product\/en-la-creciente-oscuridad\/","title":{"rendered":"En la creciente oscuridad"},"content":{"rendered":"","protected":false},"excerpt":{"rendered":"<p>Autor: Mallea, Eduardo<br \/>\nEditorial: Sudamericana<br \/>\nA\u00f1o de publicaci\u00f3n:<br \/>\nN\u00famero de p\u00e1ginas:<br \/>\nI.S.B.N:<\/p>\n<p>Sobrecogedora y fascinante, esta \u00faltima novela de Eduardo Mallea penetra muy hondo en el misterio que es toda existencia humana. Barboza, el h\u00e9roe de \u00abEn la creciente oscuridad\u00bb, vive amurallado tras un silencio inexpugnable y, a la vez, acosado por la urgencia de proyectarse fuera de \u00e9l. Pero las v\u00edas de acceso hacia los dem\u00e1s solo acaban precipit\u00e1ndolo en la anulaci\u00f3n de todo posible contacto. El sexo es el camino del crimen, el amor abre las puertas de la muerte. \u00abEn la creciente oscuridad\u00bb mantiene en vilo al lector. El ritmo es terso y al mismo tiempo alucinante. Los hechos, narrados desde la perpleja subjetividad de su protagonista, fluyen en ese presente absoluto que es toda conciencia, \u00e1mbito hacia el cual acuden sin cesar el pasado y tambi\u00e9n un futuro que se siente como ya vivido. Este sucederse que avanza hacia un \u00faltimo, terrible acontecimiento extra\u00f1amente presentido, nunca iluminado del todo, depara una estremecedora sorpresa final: no solo en el nivel de los acontecimientos mismos, sino tambi\u00e9n en el nivel mas profundo de los mecanismos de la conducta humana. Como todos los grandes libros, esta novela revela hasta que punto es imprevisible, tr\u00e1gica y a la vez hermosa esa aventura que es el vivir humano.<\/p>\n","protected":false},"featured_media":0,"comment_status":"open","ping_status":"closed","template":"","meta":[],"class_list":{"0":"post-10597","1":"product","2":"type-product","3":"status-publish","5":"product_cat-narrativa","6":"post","8":"first","9":"instock","10":"taxable","11":"shipping-taxable","12":"purchasable","13":"product-type-simple"},"_links":{"self":[{"href":"https:\/\/cienfuegos.fr\/index.php\/wp-json\/wp\/v2\/product\/10597","targetHints":{"allow":["GET"]}}],"collection":[{"href":"https:\/\/cienfuegos.fr\/index.php\/wp-json\/wp\/v2\/product"}],"about":[{"href":"https:\/\/cienfuegos.fr\/index.php\/wp-json\/wp\/v2\/types\/product"}],"replies":[{"embeddable":true,"href":"https:\/\/cienfuegos.fr\/index.php\/wp-json\/wp\/v2\/comments?post=10597"}],"wp:attachment":[{"href":"https:\/\/cienfuegos.fr\/index.php\/wp-json\/wp\/v2\/media?parent=10597"}],"curies":[{"name":"wp","href":"https:\/\/api.w.org\/{rel}","templated":true}]}}