{"id":5148,"date":"2020-08-10T13:48:02","date_gmt":"2020-08-10T11:48:02","guid":{"rendered":"https:\/\/cienfuegos.fr\/?page_id=5148"},"modified":"2021-05-09T17:24:36","modified_gmt":"2021-05-09T15:24:36","slug":"reciclar","status":"publish","type":"page","link":"https:\/\/cienfuegos.fr\/index.php\/reciclar\/","title":{"rendered":"RECICLAR"},"content":{"rendered":"<p>Para reciclar o darle una nueva vida a tus libros puedes escribirnos a info@cienfuegos.fr o llamarnos al 0651749781<\/p>\n<p>Pour recycler ou donner une nouvelle vie \u00e0 vos livres vous pouvez nous \u00e9crire \u00e0 info@cienfuegos.fr ou appeler au 0651749781<\/p>\n","protected":false},"excerpt":{"rendered":"<p>Para reciclar o darle una nueva vida a tus libros puedes escribirnos a info@cienfuegos.fr o llamarnos al 0651749781 Pour recycler ou donner une nouvelle vie \u00e0 vos livres vous pouvez nous \u00e9crire \u00e0 info@cienfuegos.fr ou appeler au 0651749781<\/p>\n","protected":false},"author":1,"featured_media":0,"parent":0,"menu_order":0,"comment_status":"closed","ping_status":"closed","template":"","meta":{"footnotes":""},"class_list":["post-5148","page","type-page","status-publish","hentry","post"],"_links":{"self":[{"href":"https:\/\/cienfuegos.fr\/index.php\/wp-json\/wp\/v2\/pages\/5148","targetHints":{"allow":["GET"]}}],"collection":[{"href":"https:\/\/cienfuegos.fr\/index.php\/wp-json\/wp\/v2\/pages"}],"about":[{"href":"https:\/\/cienfuegos.fr\/index.php\/wp-json\/wp\/v2\/types\/page"}],"author":[{"embeddable":true,"href":"https:\/\/cienfuegos.fr\/index.php\/wp-json\/wp\/v2\/users\/1"}],"replies":[{"embeddable":true,"href":"https:\/\/cienfuegos.fr\/index.php\/wp-json\/wp\/v2\/comments?post=5148"}],"version-history":[{"count":2,"href":"https:\/\/cienfuegos.fr\/index.php\/wp-json\/wp\/v2\/pages\/5148\/revisions"}],"predecessor-version":[{"id":39833,"href":"https:\/\/cienfuegos.fr\/index.php\/wp-json\/wp\/v2\/pages\/5148\/revisions\/39833"}],"wp:attachment":[{"href":"https:\/\/cienfuegos.fr\/index.php\/wp-json\/wp\/v2\/media?parent=5148"}],"curies":[{"name":"wp","href":"https:\/\/api.w.org\/{rel}","templated":true}]}}