{"id":300528,"date":"2025-10-13T23:06:25","date_gmt":"2025-10-13T21:06:25","guid":{"rendered":"https:\/\/cienfuegos.fr\/?page_id=300528"},"modified":"2026-02-14T10:02:12","modified_gmt":"2026-02-14T09:02:12","slug":"cafe","status":"publish","type":"page","link":"https:\/\/cienfuegos.fr\/index.php\/cafe\/","title":{"rendered":"CAF\u00c9"},"content":{"rendered":"<p><img loading=\"lazy\" decoding=\"async\" class=\"size-medium wp-image-300532 aligncenter\" src=\"https:\/\/cienfuegos.fr\/wp-content\/uploads\/2025\/10\/IMG-20251012-WA0002-222x300.jpg\" alt=\"\" width=\"222\" height=\"300\" srcset=\"https:\/\/cienfuegos.fr\/wp-content\/uploads\/2025\/10\/IMG-20251012-WA0002-222x300.jpg 222w, https:\/\/cienfuegos.fr\/wp-content\/uploads\/2025\/10\/IMG-20251012-WA0002-758x1024.jpg 758w, https:\/\/cienfuegos.fr\/wp-content\/uploads\/2025\/10\/IMG-20251012-WA0002-768x1037.jpg 768w, https:\/\/cienfuegos.fr\/wp-content\/uploads\/2025\/10\/IMG-20251012-WA0002-1137x1536.jpg 1137w, https:\/\/cienfuegos.fr\/wp-content\/uploads\/2025\/10\/IMG-20251012-WA0002-1516x2048.jpg 1516w, https:\/\/cienfuegos.fr\/wp-content\/uploads\/2025\/10\/IMG-20251012-WA0002-600x811.jpg 600w, https:\/\/cienfuegos.fr\/wp-content\/uploads\/2025\/10\/IMG-20251012-WA0002-scaled.jpg 1895w\" sizes=\"auto, (max-width: 222px) 100vw, 222px\" \/><\/p>\n<p>En Cien Fuegos, adem\u00e1s de libros, encontrar\u00e1s ahora tambi\u00e9n caf\u00e9.<\/p>\n<p>Servimos caf\u00e9s de especialidad que infusionamos en dos modalidades:\u00a0 con el m\u00e9todo de cafetera a pist\u00f3n o french press, y con la m\u00e1quina expresso Flair. Se trata en ambos casos de m\u00e9todo lentos, que entran dentro de la categor\u00eda del \u00abslow coffe\u00bb, el cual permite extraer el m\u00e1ximo posible de sabores de los granos.<\/p>\n<p><img loading=\"lazy\" decoding=\"async\" class=\"size-medium wp-image-300533 aligncenter\" src=\"https:\/\/cienfuegos.fr\/wp-content\/uploads\/2025\/10\/IMG-20251012-WA0001-226x300.jpg\" alt=\"\" width=\"226\" height=\"300\" srcset=\"https:\/\/cienfuegos.fr\/wp-content\/uploads\/2025\/10\/IMG-20251012-WA0001-226x300.jpg 226w, https:\/\/cienfuegos.fr\/wp-content\/uploads\/2025\/10\/IMG-20251012-WA0001-772x1024.jpg 772w, https:\/\/cienfuegos.fr\/wp-content\/uploads\/2025\/10\/IMG-20251012-WA0001-768x1019.jpg 768w, https:\/\/cienfuegos.fr\/wp-content\/uploads\/2025\/10\/IMG-20251012-WA0001-1158x1536.jpg 1158w, https:\/\/cienfuegos.fr\/wp-content\/uploads\/2025\/10\/IMG-20251012-WA0001-1544x2048.jpg 1544w, https:\/\/cienfuegos.fr\/wp-content\/uploads\/2025\/10\/IMG-20251012-WA0001-600x796.jpg 600w, https:\/\/cienfuegos.fr\/wp-content\/uploads\/2025\/10\/IMG-20251012-WA0001-scaled.jpg 1929w\" sizes=\"auto, (max-width: 226px) 100vw, 226px\" \/><\/p>\n<p>Puedes venir a la librer\u00eda a degustar tranquilamente un caf\u00e9 colombiano, guatemalteco u hondure\u00f1o, mientras hojeas nuestros libros, revuelves en las estanter\u00edas en busca del libro que te falta,\u00a0 o simplemente hacer una pausa en un ambiente rejado, rodeado de libros y de historia.<\/p>\n<p><img loading=\"lazy\" decoding=\"async\" class=\"size-medium wp-image-300531 aligncenter\" src=\"https:\/\/cienfuegos.fr\/wp-content\/uploads\/2025\/10\/IMG-20251012-WA0004-215x300.jpg\" alt=\"\" width=\"215\" height=\"300\" srcset=\"https:\/\/cienfuegos.fr\/wp-content\/uploads\/2025\/10\/IMG-20251012-WA0004-215x300.jpg 215w, https:\/\/cienfuegos.fr\/wp-content\/uploads\/2025\/10\/IMG-20251012-WA0004-734x1024.jpg 734w, https:\/\/cienfuegos.fr\/wp-content\/uploads\/2025\/10\/IMG-20251012-WA0004-768x1071.jpg 768w, https:\/\/cienfuegos.fr\/wp-content\/uploads\/2025\/10\/IMG-20251012-WA0004-1101x1536.jpg 1101w, https:\/\/cienfuegos.fr\/wp-content\/uploads\/2025\/10\/IMG-20251012-WA0004-1468x2048.jpg 1468w, https:\/\/cienfuegos.fr\/wp-content\/uploads\/2025\/10\/IMG-20251012-WA0004-600x837.jpg 600w, https:\/\/cienfuegos.fr\/wp-content\/uploads\/2025\/10\/IMG-20251012-WA0004-scaled.jpg 1835w\" sizes=\"auto, (max-width: 215px) 100vw, 215px\" \/><\/p>\n","protected":false},"excerpt":{"rendered":"<p>En Cien Fuegos, adem\u00e1s de libros, encontrar\u00e1s ahora tambi\u00e9n caf\u00e9. Servimos caf\u00e9s de especialidad que infusionamos en dos modalidades:\u00a0 con el m\u00e9todo de cafetera a pist\u00f3n o french press, y con la m\u00e1quina expresso Flair. Se trata en ambos casos de m\u00e9todo lentos, que entran dentro de la categor\u00eda del \u00abslow coffe\u00bb, el cual permite&hellip;<\/p>\n","protected":false},"author":1,"featured_media":0,"parent":0,"menu_order":0,"comment_status":"closed","ping_status":"closed","template":"","meta":{"footnotes":""},"class_list":["post-300528","page","type-page","status-publish","hentry","post"],"_links":{"self":[{"href":"https:\/\/cienfuegos.fr\/index.php\/wp-json\/wp\/v2\/pages\/300528","targetHints":{"allow":["GET"]}}],"collection":[{"href":"https:\/\/cienfuegos.fr\/index.php\/wp-json\/wp\/v2\/pages"}],"about":[{"href":"https:\/\/cienfuegos.fr\/index.php\/wp-json\/wp\/v2\/types\/page"}],"author":[{"embeddable":true,"href":"https:\/\/cienfuegos.fr\/index.php\/wp-json\/wp\/v2\/users\/1"}],"replies":[{"embeddable":true,"href":"https:\/\/cienfuegos.fr\/index.php\/wp-json\/wp\/v2\/comments?post=300528"}],"version-history":[{"count":2,"href":"https:\/\/cienfuegos.fr\/index.php\/wp-json\/wp\/v2\/pages\/300528\/revisions"}],"predecessor-version":[{"id":322629,"href":"https:\/\/cienfuegos.fr\/index.php\/wp-json\/wp\/v2\/pages\/300528\/revisions\/322629"}],"wp:attachment":[{"href":"https:\/\/cienfuegos.fr\/index.php\/wp-json\/wp\/v2\/media?parent=300528"}],"curies":[{"name":"wp","href":"https:\/\/api.w.org\/{rel}","templated":true}]}}