{"id":299072,"date":"2025-10-05T22:55:52","date_gmt":"2025-10-05T20:55:52","guid":{"rendered":"https:\/\/cienfuegos.fr\/?page_id=299072"},"modified":"2025-10-05T22:55:52","modified_gmt":"2025-10-05T20:55:52","slug":"club-cien-fuegos","status":"publish","type":"page","link":"https:\/\/cienfuegos.fr\/index.php\/club-cien-fuegos\/","title":{"rendered":"CLUB CIEN FUEGOS"},"content":{"rendered":"<p><b><i>En cualquier momento del a\u00f1o es posible adherirse al club por una cuota anualde 40 euros.<\/i><\/b><\/p>\n<p>Con tu cuota recib\u00eds la tarjeta de adhesi\u00f3n al Club. Esta supone una serie de beneficios.<\/p>\n<ol>\n<li>Los adherentes tienen descuentos en libros (10 % en libros de segunda mano, 5% en libros nuevos), as\u00ed como en las diferentes actividades y talleres organizados por\u00a0 la librer\u00eda.<\/li>\n<li>La adhesi\u00f3n funciona tambi\u00e9n como un bono de compra por la mitad de su valor. Presentando la tarjeta del club la primera vez puedes llevarte uno o m\u00e1s libros hasta 20 euros.<\/li>\n<li>La adhesi\u00f3n tambi\u00e9n permite asistir gratis a 3 sesiones del club de lectura que organizaremos mensualmente en la librer\u00eda.<\/li>\n<\/ol>\n<p>Con tu adhesi\u00f3n est\u00e1s contribuyendo a \u00a0sostener la \u00fanica librer\u00eda especializada en lengua espa\u00f1ola en Par\u00eds y en toda Francia. Apoyar la librer\u00eda significa apoyar un espacio de intercambio, \u00a0de difusi\u00f3n de la literatura latinoamericana y espa\u00f1ola, que es tambi\u00e9n un lugar vivencias, de v\u00ednculos y de memoria.<\/p>\n<p>Deseamos que la nueva etapa de Cien Fuegos no sea una simple prolongaci\u00f3n del pasado sino que traiga nuevas posibilidades. Un espacio diferente tambi\u00e9n demanda una nueva forma.<\/p>\n<p>Para adherir y pagar, por tarjeta o paypal, puedes entrar aqu\u00ed:<\/p>\n<p><a href=\"https:\/\/cienfuegos.fr\/index.php\/product\/club-libreria-cien-fuegos\/\">https:\/\/cienfuegos.fr\/index.php\/product\/club-libreria-cien-fuegos\/<\/a><\/p>\n<p>&nbsp;<\/p>\n<p>Il est possible d\u2019adh\u00e9rer au club \u00e0 tout moment de l\u2019ann\u00e9e moyennant une cotisation annuelle de 40 euros.<\/p>\n<p>Votre cotisation vous donne droit \u00e0 la carte d\u2019adh\u00e9sion au Club. Celle-ci vous offre toute une s\u00e9rie d\u2019avantages.<\/p>\n<p>Les adh\u00e9rents b\u00e9n\u00e9ficient de r\u00e9ductions sur les livres (10 % sur les livres d\u2019occasion, 5 % sur les livres neufs), ainsi que sur les diff\u00e9rentes activit\u00e9s et ateliers organis\u00e9s par\u00a0 la librairie.<\/p>\n<p>L\u2019adh\u00e9sion fonctionne \u00e9galement comme un bon d\u2019achat d\u2019une valeur \u00e9quivalente \u00e0 la moiti\u00e9 de son prix. En pr\u00e9sentant votre carte de membre pour la premi\u00e8re fois, vous pouvez obtenir un ou plusieurs livres d\u2019une valeur maximale de 20 euros.<\/p>\n<p>L\u2019adh\u00e9sion permet \u00e9galement d\u2019assister gratuitement \u00e0 3 s\u00e9ances du club de lecture que nous organiserons chaque mois \u00e0 la librairie.<\/p>\n<p>En adh\u00e9rant, vous contribuez \u00e0 soutenir la seule librairie sp\u00e9cialis\u00e9e dans la langue espagnole \u00e0 Paris et dans toute la France. Soutenir la librairie, c\u2019est soutenir un espace d\u2019\u00e9change, de diffusion de la litt\u00e9rature latino-am\u00e9ricaine et espagnole, qui est aussi un lieu d\u2019exp\u00e9riences, de liens et de m\u00e9moire.<\/p>\n<p>Nous souhaitons que la nouvelle \u00e9tape de Cien Fuegos ne soit pas une simple prolongation du pass\u00e9, mais qu\u2019elle apporte de nouvelles possibilit\u00e9s. Un espace diff\u00e9rent exige \u00e9galement une nouvelle forme.<\/p>\n<p>Pour adh\u00e9rer et payer, par carte ou PayPal, vous pouvez vous rendre ici :<\/p>\n<blockquote class=\"wp-embedded-content\" data-secret=\"r9Fvqx4s7X\"><p><a href=\"https:\/\/cienfuegos.fr\/index.php\/product\/club-libreria-cien-fuegos\/\">Club Librer\u00eda Cien Fuegos<\/a><\/p><\/blockquote>\n<p><iframe loading=\"lazy\" class=\"wp-embedded-content\" sandbox=\"allow-scripts\" security=\"restricted\" style=\"position: absolute; visibility: hidden;\" title=\"\u00abClub Librer\u00eda Cien Fuegos\u00bb \u2014 Cien Fuegos\" src=\"https:\/\/cienfuegos.fr\/index.php\/product\/club-libreria-cien-fuegos\/embed\/#?secret=OLwvH732hJ#?secret=r9Fvqx4s7X\" data-secret=\"r9Fvqx4s7X\" width=\"600\" height=\"338\" frameborder=\"0\" marginwidth=\"0\" marginheight=\"0\" scrolling=\"no\"><\/iframe><\/p>\n","protected":false},"excerpt":{"rendered":"<p>En cualquier momento del a\u00f1o es posible adherirse al club por una cuota anualde 40 euros. Con tu cuota recib\u00eds la tarjeta de adhesi\u00f3n al Club. Esta supone una serie de beneficios. Los adherentes tienen descuentos en libros (10 % en libros de segunda mano, 5% en libros nuevos), as\u00ed como en las diferentes actividades&hellip;<\/p>\n","protected":false},"author":1,"featured_media":0,"parent":0,"menu_order":0,"comment_status":"closed","ping_status":"closed","template":"","meta":{"footnotes":""},"class_list":["post-299072","page","type-page","status-publish","hentry","post"],"_links":{"self":[{"href":"https:\/\/cienfuegos.fr\/index.php\/wp-json\/wp\/v2\/pages\/299072","targetHints":{"allow":["GET"]}}],"collection":[{"href":"https:\/\/cienfuegos.fr\/index.php\/wp-json\/wp\/v2\/pages"}],"about":[{"href":"https:\/\/cienfuegos.fr\/index.php\/wp-json\/wp\/v2\/types\/page"}],"author":[{"embeddable":true,"href":"https:\/\/cienfuegos.fr\/index.php\/wp-json\/wp\/v2\/users\/1"}],"replies":[{"embeddable":true,"href":"https:\/\/cienfuegos.fr\/index.php\/wp-json\/wp\/v2\/comments?post=299072"}],"version-history":[{"count":1,"href":"https:\/\/cienfuegos.fr\/index.php\/wp-json\/wp\/v2\/pages\/299072\/revisions"}],"predecessor-version":[{"id":299073,"href":"https:\/\/cienfuegos.fr\/index.php\/wp-json\/wp\/v2\/pages\/299072\/revisions\/299073"}],"wp:attachment":[{"href":"https:\/\/cienfuegos.fr\/index.php\/wp-json\/wp\/v2\/media?parent=299072"}],"curies":[{"name":"wp","href":"https:\/\/api.w.org\/{rel}","templated":true}]}}