{"id":281838,"date":"2025-06-27T11:05:28","date_gmt":"2025-06-27T09:05:28","guid":{"rendered":"https:\/\/cienfuegos.fr\/?page_id=281838"},"modified":"2025-10-19T10:04:20","modified_gmt":"2025-10-19T08:04:20","slug":"novedades","status":"publish","type":"page","link":"https:\/\/cienfuegos.fr\/index.php\/novedades\/","title":{"rendered":"Noticias"},"content":{"rendered":"\n<figure class=\"wp-block-image size-large\"><img loading=\"lazy\" decoding=\"async\" width=\"1024\" height=\"677\" src=\"https:\/\/cienfuegos.fr\/wp-content\/uploads\/2025\/10\/IMG_20251016_181045-1024x677.jpg\" alt=\"\" class=\"wp-image-301493\" srcset=\"https:\/\/cienfuegos.fr\/wp-content\/uploads\/2025\/10\/IMG_20251016_181045-1024x677.jpg 1024w, https:\/\/cienfuegos.fr\/wp-content\/uploads\/2025\/10\/IMG_20251016_181045-300x198.jpg 300w, https:\/\/cienfuegos.fr\/wp-content\/uploads\/2025\/10\/IMG_20251016_181045-768x508.jpg 768w, https:\/\/cienfuegos.fr\/wp-content\/uploads\/2025\/10\/IMG_20251016_181045-1536x1016.jpg 1536w, https:\/\/cienfuegos.fr\/wp-content\/uploads\/2025\/10\/IMG_20251016_181045-2048x1355.jpg 2048w, https:\/\/cienfuegos.fr\/wp-content\/uploads\/2025\/10\/IMG_20251016_181045-247x163.jpg 247w, https:\/\/cienfuegos.fr\/wp-content\/uploads\/2025\/10\/IMG_20251016_181045-354x234.jpg 354w, https:\/\/cienfuegos.fr\/wp-content\/uploads\/2025\/10\/IMG_20251016_181045-600x397.jpg 600w\" sizes=\"auto, (max-width: 1024px) 100vw, 1024px\" \/><\/figure>\n\n\n<p>MUDANZA Y CAMPA\u00d1A DE ADHESIONES<\/p>\n<p>A fines de abril de 2025, abandonamos el local de la rue Saint-Blaise donde estuvimos durante estos \u00faltimos cuatro a\u00f1os. El cierre del local no era definitivo, pues durante todo este tiempo hemos seguido buscando un nuevo espacio donde continuar la historia de la librer\u00eda.<\/p>\n<p>Despu\u00e9s de varios meses de b\u00fasqueda, encontramos finalmente un nuevo espacio para la librer\u00eda. Se trata de un local un poco m\u00e1s grande, en el coraz\u00f3n mismo de Belleville, a una cuadra de la rue de Menilmontant. El espacio nos entusiasm\u00f3 desde el principio, pero \u00e9ramos conscientes de que requer\u00eda mucho trabajo.\u00a0 La mudanza, la instalaci\u00f3n, los trabajos, iban a llevar no s\u00f3lo tiempo sino tambi\u00e9n dinero. Es por eso que aprovechamos en ese momento para lanzar una campa\u00f1a de crowdfunding, en forma de una convocatoria de adhesiones al club de la librer\u00eda y asociaci\u00f3n Cien Fuegos.<\/p>\n<p>Tuvimos buena respuesta, y eso nos ayud\u00f3, en parte, a avanzar con los trabajos que requer\u00eda el nuevo local. Hoy, la librer\u00eda est\u00e1 instalada, y aunque todav\u00eda faltan cosas, entre las cuales la vitrina, que todav\u00eda est\u00e1 en proyecto, empezamos ya a abrir al p\u00fablico y a organizar algunas actividades.<\/p>\n<p><b>La librer\u00eda se encuentra en el n\u00famero 13 de la rue Juillet (XXe). Nos encuentran ah\u00ed de jueves a s\u00e1bado de 14h a 19.<\/b><\/p>\n<p><b><i>La campa\u00f1a de adhesi\u00f3n al club sigue, sin embargo, abierta. En cualquier momento del a\u00f1o es posible adherirse al club por una cuota anualde 40 euros.<\/i><\/b><\/p>\n<p>Con tu cuota recib\u00eds la tarjeta de adhesi\u00f3n al Club. Esta supone una serie de beneficios.<\/p>\n<ol>\n<li>Los adherentes tienen descuentos en libros (10 % en libros de segunda mano, 5% en libros nuevos), as\u00ed como en las diferentes actividades y talleres organizados por\u00a0 la librer\u00eda.<\/li>\n<li>La adhesi\u00f3n funciona tambi\u00e9n como un bono de compra por la mitad de su valor. Presentando la tarjeta del club la primera vez puedes llevarte uno o m\u00e1s libros hasta 20 euros.<\/li>\n<li>La adhesi\u00f3n tambi\u00e9n permite asistir gratis a 3 sesiones del club de lectura que organizaremos mensualmente en la librer\u00eda.<\/li>\n<\/ol>\n<p>Con tu adhesi\u00f3n est\u00e1s contribuyendo a \u00a0sostener la \u00fanica librer\u00eda especializada en lengua espa\u00f1ola en Par\u00eds y en toda Francia. Apoyar la librer\u00eda significa apoyar un espacio de intercambio, \u00a0de difusi\u00f3n de la literatura latinoamericana y espa\u00f1ola, que es tambi\u00e9n un lugar vivencias, de v\u00ednculos y de memoria.<\/p>\n<p>Deseamos que la nueva etapa de Cien Fuegos no sea una simple prolongaci\u00f3n del pasado sino que traiga nuevas posibilidades. Un espacio diferente tambi\u00e9n demanda una nueva forma.<\/p>\n<p>Para adherir y pagar, por tarjeta o paypal, puedes entrar aqu\u00ed:<\/p>\n<p><a href=\"https:\/\/cienfuegos.fr\/index.php\/product\/club-libreria-cien-fuegos\/\">https:\/\/cienfuegos.fr\/index.php\/product\/club-libreria-cien-fuegos\/<\/a><\/p>\n<p>Si deseas apoyar a la librer\u00eda con un importe diferente pero no necesariamente adherir, tambi\u00e9n es posible, a trav\u00e9s de la cuenta de paypal:<\/p>\n<p>associenfuegos@gmail.com<\/p>\n<p>Toda ayuda es bienvenida.<\/p>\n<p>Hasta pronto en el nuevo local.<\/p>\n<p><img loading=\"lazy\" decoding=\"async\" class=\" wp-image-298347 aligncenter\" src=\"https:\/\/cienfuegos.fr\/wp-content\/uploads\/2025\/10\/IMG_20250920_181007-300x206.jpg\" alt=\"\" width=\"573\" height=\"394\" srcset=\"https:\/\/cienfuegos.fr\/wp-content\/uploads\/2025\/10\/IMG_20250920_181007-300x206.jpg 300w, https:\/\/cienfuegos.fr\/wp-content\/uploads\/2025\/10\/IMG_20250920_181007-1024x702.jpg 1024w, https:\/\/cienfuegos.fr\/wp-content\/uploads\/2025\/10\/IMG_20250920_181007-2048x1403.jpg 2048w, https:\/\/cienfuegos.fr\/wp-content\/uploads\/2025\/10\/IMG_20250920_181007-600x411.jpg 600w\" sizes=\"auto, (max-width: 573px) 100vw, 573px\" \/><\/p>\n<p>D\u00c9M\u00c9NAGEMENT ET CAMPAGNE D&#8217;ADH\u00c9SION<\/p>\n<p>Fin avril 2025, nous avons quitt\u00e9 les locaux de la rue Saint-Blaise o\u00f9 nous \u00e9tions install\u00e9s depuis quatre ans. La fermeture n&#8217;\u00e9tait pas d\u00e9finitive, car pendant tout ce temps, nous avons continu\u00e9 \u00e0 chercher un nouvel espace o\u00f9 poursuivre l&#8217;histoire de la librairie.<\/p>\n<p>Apr\u00e8s plusieurs mois de recherche, nous avons enfin trouv\u00e9 un nouvel espace pour la librairie. Il s&#8217;agit d&#8217;un local un peu plus grand, situ\u00e9 au c\u0153ur m\u00eame de Belleville, \u00e0 un p\u00e2t\u00e9 de maisons de la rue de Menilmontant. Nous avons tout de suite \u00e9t\u00e9 s\u00e9duits par cet espace, mais nous \u00e9tions conscients qu&#8217;il n\u00e9cessitait beaucoup de travail. Le d\u00e9m\u00e9nagement, l&#8217;installation, les travaux allaient demander non seulement du temps, mais aussi de l&#8217;argent. C&#8217;est pourquoi nous avons profit\u00e9 de cette occasion pour lancer une campagne de financement participatif, sous la forme d&#8217;un appel \u00e0 adh\u00e9sion au club de la librairie et \u00e0 l&#8217;association Cien Fuegos.<\/p>\n<p>Nous avons re\u00e7u de nombreuses r\u00e9ponses positives, ce qui nous a aid\u00e9s, en partie, \u00e0 avancer dans les travaux n\u00e9cessaires pour am\u00e9nager le nouveau local. Aujourd&#8217;hui, la librairie est install\u00e9e, et m\u00eame s&#8217;il manque encore certaines choses, notamment la vitrine, qui est encore en projet, nous avons d\u00e9j\u00e0 commenc\u00e9 \u00e0 ouvrir au public et \u00e0 organiser quelques activit\u00e9s.<\/p>\n<p>La campagne d&#8217;adh\u00e9sion au club reste toutefois ouverte. Il est possible d&#8217;adh\u00e9rer au club \u00e0 tout moment de l&#8217;ann\u00e9e moyennant une cotisation annuelle de 40 euros.<\/p>\n<p>Votre cotisation vous donne droit \u00e0 la carte d&#8217;adh\u00e9sion au Club. Celle-ci vous offre toute une s\u00e9rie d&#8217;avantages.<\/p>\n<p>Les adh\u00e9rents b\u00e9n\u00e9ficient de r\u00e9ductions sur les livres (10 % sur les livres d&#8217;occasion, 5 % sur les livres neufs), ainsi que sur les diff\u00e9rentes activit\u00e9s et ateliers organis\u00e9s par\u00a0 la librairie.<\/p>\n<p>L&#8217;adh\u00e9sion fonctionne \u00e9galement comme un bon d&#8217;achat d&#8217;une valeur \u00e9quivalente \u00e0 la moiti\u00e9 de son prix. En pr\u00e9sentant votre carte de membre pour la premi\u00e8re fois, vous pouvez obtenir un ou plusieurs livres d&#8217;une valeur maximale de 20 euros.<\/p>\n<p>L&#8217;adh\u00e9sion permet \u00e9galement d&#8217;assister gratuitement \u00e0 3 s\u00e9ances du club de lecture que nous organiserons chaque mois \u00e0 la librairie.<\/p>\n<p>En adh\u00e9rant, vous contribuez \u00e0 soutenir la seule librairie sp\u00e9cialis\u00e9e dans la langue espagnole \u00e0 Paris et dans toute la France. Soutenir la librairie, c&#8217;est soutenir un espace d&#8217;\u00e9change, de diffusion de la litt\u00e9rature latino-am\u00e9ricaine et espagnole, qui est aussi un lieu d&#8217;exp\u00e9riences, de liens et de m\u00e9moire.<\/p>\n<p>Nous souhaitons que la nouvelle \u00e9tape de Cien Fuegos ne soit pas une simple prolongation du pass\u00e9, mais qu&#8217;elle apporte de nouvelles possibilit\u00e9s. Un espace diff\u00e9rent exige \u00e9galement une nouvelle forme.<\/p>\n<p>Pour adh\u00e9rer et payer, par carte ou PayPal, vous pouvez vous rendre ici :<\/p>\n<p><blockquote class=\"wp-embedded-content\" data-secret=\"zGFA2IOJYz\"><a href=\"https:\/\/cienfuegos.fr\/index.php\/product\/club-libreria-cien-fuegos\/\">Club Librer\u00eda Cien Fuegos<\/a><\/blockquote><iframe loading=\"lazy\" class=\"wp-embedded-content\" sandbox=\"allow-scripts\" security=\"restricted\" style=\"position: absolute; visibility: hidden;\" title=\"\u00abClub Librer\u00eda Cien Fuegos\u00bb \u2014 Cien Fuegos\" src=\"https:\/\/cienfuegos.fr\/index.php\/product\/club-libreria-cien-fuegos\/embed\/#?secret=PN73RuMDOx#?secret=zGFA2IOJYz\" data-secret=\"zGFA2IOJYz\" width=\"600\" height=\"338\" frameborder=\"0\" marginwidth=\"0\" marginheight=\"0\" scrolling=\"no\"><\/iframe><\/p>\n<p>Si vous souhaitez soutenir la librairie avec un montant diff\u00e9rent mais sans n\u00e9cessairement adh\u00e9rer, c&#8217;est \u00e9galement possible, via le compte PayPal :<\/p>\n<p>associenfuegos@gmail.com<\/p>\n<p>Toute aide est la bienvenue.<\/p>\n<p>\u00c0 bient\u00f4t dans nos nouveaux locaux.<\/p>","protected":false},"excerpt":{"rendered":"<p>MUDANZA Y CAMPA\u00d1A DE ADHESIONES A fines de abril de 2025, abandonamos el local de la rue Saint-Blaise donde estuvimos durante estos \u00faltimos cuatro a\u00f1os. El cierre del local no era definitivo, pues durante todo este tiempo hemos seguido buscando un nuevo espacio donde continuar la historia de la librer\u00eda. Despu\u00e9s de varios meses de&hellip;<\/p>\n","protected":false},"author":1,"featured_media":281849,"parent":0,"menu_order":0,"comment_status":"closed","ping_status":"closed","template":"","meta":{"footnotes":""},"class_list":["post-281838","page","type-page","status-publish","has-post-thumbnail","hentry","post"],"_links":{"self":[{"href":"https:\/\/cienfuegos.fr\/index.php\/wp-json\/wp\/v2\/pages\/281838","targetHints":{"allow":["GET"]}}],"collection":[{"href":"https:\/\/cienfuegos.fr\/index.php\/wp-json\/wp\/v2\/pages"}],"about":[{"href":"https:\/\/cienfuegos.fr\/index.php\/wp-json\/wp\/v2\/types\/page"}],"author":[{"embeddable":true,"href":"https:\/\/cienfuegos.fr\/index.php\/wp-json\/wp\/v2\/users\/1"}],"replies":[{"embeddable":true,"href":"https:\/\/cienfuegos.fr\/index.php\/wp-json\/wp\/v2\/comments?post=281838"}],"version-history":[{"count":14,"href":"https:\/\/cienfuegos.fr\/index.php\/wp-json\/wp\/v2\/pages\/281838\/revisions"}],"predecessor-version":[{"id":301495,"href":"https:\/\/cienfuegos.fr\/index.php\/wp-json\/wp\/v2\/pages\/281838\/revisions\/301495"}],"wp:featuredmedia":[{"embeddable":true,"href":"https:\/\/cienfuegos.fr\/index.php\/wp-json\/wp\/v2\/media\/281849"}],"wp:attachment":[{"href":"https:\/\/cienfuegos.fr\/index.php\/wp-json\/wp\/v2\/media?parent=281838"}],"curies":[{"name":"wp","href":"https:\/\/api.w.org\/{rel}","templated":true}]}}