{"id":281829,"date":"2025-06-27T09:43:23","date_gmt":"2025-06-27T07:43:23","guid":{"rendered":"https:\/\/cienfuegos.fr\/?page_id=281829"},"modified":"2026-03-17T15:39:57","modified_gmt":"2026-03-17T14:39:57","slug":"club-de-lectura","status":"publish","type":"page","link":"https:\/\/cienfuegos.fr\/index.php\/club-de-lectura\/","title":{"rendered":"CLUB DE LECTURA"},"content":{"rendered":"<p>El Club de lectura es un espacio para leer, conversar sobre literatura, analizar lo le\u00eddo, encontrarse. Una vez por mes leemos un libro en espa\u00f1ol, elegido entre cl\u00e1sicos, novedades de autores hispanoamericanos o traducciones. El club de lectura tiene lugar en la librer\u00eda y est\u00e1 pensado para todos los amantes del castellano, de la literatura y la cultura hispanoamericana, para hablantes nativos por supuesto, pero tambi\u00e9n para quienes est\u00e1n aprendiendo y desean mejorar su nivel de lengua a trav\u00e9s de los libros y la conversaci\u00f3n. El club de lectura busca ser, en ese sentido, un lugar de encuentro, un espacio donde se crucen libros, lectores, experiencias de lecturas, lenguas, biograf\u00edas, historias.<\/p>\n<p>Precio: 5 euros por mes, o gratis si compr\u00e1s el libro con nosotros.<\/p>\n<p>El libro elegido para el mes de abril es la novela Mugre rosa, de Fernanda Tr\u00edas.<\/p>\n<p>Fecha: Viernes de abril a las 19:00<\/p>\n<p>Informes a inscripci\u00f3n escribiendo a: info@cienfuegos.fr<\/p>\n<p align=\"center\"><img loading=\"lazy\" decoding=\"async\" class=\"alignnone size-medium wp-image-328285\" src=\"https:\/\/cienfuegos.fr\/wp-content\/uploads\/2026\/03\/Club-de-lectura-abril2-212x300.jpg\" alt=\"\" width=\"212\" height=\"300\" srcset=\"https:\/\/cienfuegos.fr\/wp-content\/uploads\/2026\/03\/Club-de-lectura-abril2-212x300.jpg 212w, https:\/\/cienfuegos.fr\/wp-content\/uploads\/2026\/03\/Club-de-lectura-abril2-724x1024.jpg 724w, https:\/\/cienfuegos.fr\/wp-content\/uploads\/2026\/03\/Club-de-lectura-abril2-768x1086.jpg 768w, https:\/\/cienfuegos.fr\/wp-content\/uploads\/2026\/03\/Club-de-lectura-abril2-1086x1536.jpg 1086w, https:\/\/cienfuegos.fr\/wp-content\/uploads\/2026\/03\/Club-de-lectura-abril2-600x849.jpg 600w, https:\/\/cienfuegos.fr\/wp-content\/uploads\/2026\/03\/Club-de-lectura-abril2.jpg 1414w\" sizes=\"auto, (max-width: 212px) 100vw, 212px\" \/><\/p>\n<p>En una ciudad portuaria asolada por una plaga misteriosa, una mujer intenta descifrar por qu\u00e9 su mundo se desmorona. No es solo el acecho de la enfermedad y la muerte, las algas y los vientos pest\u00edferos, los amasijos ros\u00e1ceos que son ya lo \u00fanico que se puede comer, sino el colapso de todos sus v\u00ednculos afectivos, la incertidumbre, la eclosi\u00f3n de una soledad radical. Con una prosa inquietante y rica en hallazgos po\u00e9ticos, Fernanda Tr\u00edas construye un universo extraordinario que descubre la inmensa belleza y el inmenso dolor que hay en la fragilidad de la vida y de las relaciones humanas.<\/p>\n<p><b>Fernanda Tr\u00edas<\/b>\u00a0(Monteviedo, Uruguay, 1976) est une romanci\u00e8re, traductrice et professeure uruguayenne qui vit en Colombie, o\u00f9 elle enseigne la cr\u00e9ation litt\u00e9raire \u00e0 l&#8217;universit\u00e9 de Bogota . Elle a aussi v\u00e9cu quelques ann\u00e9es en France gr\u00e2ce \u00e0 la bourse Unesco-Aschberg . Elle est l&#8217;auteure des livres\u00a0<i>La azotea, La ciudad invencible, No so\u00f1ar\u00e1s con flores\u00a0<\/i>ou\u00a0<i>Mugre rosa<\/i>\u00a0(traduit en fran\u00e7ais par Actes Sud) pour lequel elle re\u00e7oit de nombreux prix comme le prix SEGIB-E\u00f1e-Casa de Vel\u00e1zquez, le prix Sor Juana In\u00e9s de la Cruz, le prix Bartolom\u00e9 Hidalgo et le prix national de litt\u00e9rature de l&#8217;Uruguay en 2021.<\/p>\n\n\n<p><\/p>\n\n\n\n<p><\/p>\n","protected":false},"excerpt":{"rendered":"<p>El Club de lectura es un espacio para leer, conversar sobre literatura, analizar lo le\u00eddo, encontrarse. Una vez por mes leemos un libro en espa\u00f1ol, elegido entre cl\u00e1sicos, novedades de autores hispanoamericanos o traducciones. El club de lectura tiene lugar en la librer\u00eda y est\u00e1 pensado para todos los amantes del castellano, de la literatura&hellip;<\/p>\n","protected":false},"author":1,"featured_media":276787,"parent":0,"menu_order":0,"comment_status":"closed","ping_status":"closed","template":"","meta":{"footnotes":""},"class_list":["post-281829","page","type-page","status-publish","has-post-thumbnail","hentry","post"],"_links":{"self":[{"href":"https:\/\/cienfuegos.fr\/index.php\/wp-json\/wp\/v2\/pages\/281829","targetHints":{"allow":["GET"]}}],"collection":[{"href":"https:\/\/cienfuegos.fr\/index.php\/wp-json\/wp\/v2\/pages"}],"about":[{"href":"https:\/\/cienfuegos.fr\/index.php\/wp-json\/wp\/v2\/types\/page"}],"author":[{"embeddable":true,"href":"https:\/\/cienfuegos.fr\/index.php\/wp-json\/wp\/v2\/users\/1"}],"replies":[{"embeddable":true,"href":"https:\/\/cienfuegos.fr\/index.php\/wp-json\/wp\/v2\/comments?post=281829"}],"version-history":[{"count":8,"href":"https:\/\/cienfuegos.fr\/index.php\/wp-json\/wp\/v2\/pages\/281829\/revisions"}],"predecessor-version":[{"id":328287,"href":"https:\/\/cienfuegos.fr\/index.php\/wp-json\/wp\/v2\/pages\/281829\/revisions\/328287"}],"wp:featuredmedia":[{"embeddable":true,"href":"https:\/\/cienfuegos.fr\/index.php\/wp-json\/wp\/v2\/media\/276787"}],"wp:attachment":[{"href":"https:\/\/cienfuegos.fr\/index.php\/wp-json\/wp\/v2\/media?parent=281829"}],"curies":[{"name":"wp","href":"https:\/\/api.w.org\/{rel}","templated":true}]}}