{"id":256837,"date":"2025-02-03T16:29:49","date_gmt":"2025-02-03T15:29:49","guid":{"rendered":"https:\/\/cienfuegos.fr\/?page_id=256837"},"modified":"2025-02-03T16:41:12","modified_gmt":"2025-02-03T15:41:12","slug":"el-paris-de-cesar-vallejo","status":"publish","type":"page","link":"https:\/\/cienfuegos.fr\/index.php\/el-paris-de-cesar-vallejo\/","title":{"rendered":"El Par\u00eds de C\u00e9sar Vallejo"},"content":{"rendered":"\n<figure class=\"wp-block-image size-large\"><img loading=\"lazy\" decoding=\"async\" width=\"1024\" height=\"725\" src=\"https:\/\/cienfuegos.fr\/wp-content\/uploads\/2025\/02\/2_vallejo_plan_paris_A4_recto-verso_page-0001-1024x725.jpg\" alt=\"\" class=\"wp-image-256856\" srcset=\"https:\/\/cienfuegos.fr\/wp-content\/uploads\/2025\/02\/2_vallejo_plan_paris_A4_recto-verso_page-0001-1024x725.jpg 1024w, https:\/\/cienfuegos.fr\/wp-content\/uploads\/2025\/02\/2_vallejo_plan_paris_A4_recto-verso_page-0001-300x212.jpg 300w, https:\/\/cienfuegos.fr\/wp-content\/uploads\/2025\/02\/2_vallejo_plan_paris_A4_recto-verso_page-0001-768x543.jpg 768w, https:\/\/cienfuegos.fr\/wp-content\/uploads\/2025\/02\/2_vallejo_plan_paris_A4_recto-verso_page-0001-1536x1087.jpg 1536w, https:\/\/cienfuegos.fr\/wp-content\/uploads\/2025\/02\/2_vallejo_plan_paris_A4_recto-verso_page-0001-600x425.jpg 600w, https:\/\/cienfuegos.fr\/wp-content\/uploads\/2025\/02\/2_vallejo_plan_paris_A4_recto-verso_page-0001.jpg 1754w\" sizes=\"auto, (max-width: 1024px) 100vw, 1024px\" \/><\/figure>\n\n\n\n<p>El mapa va a acompa\u00f1ado, en su versi\u00f3n impresa, por el texto del poeta Jorge N\u00e1jar \u00abLa geograf\u00eda parisina de C\u00e9sar Vallejo\u00bb y una serie de tarjetas con presentaci\u00f3n de cada punto del recorrido.<\/p>\n","protected":false},"excerpt":{"rendered":"<p>El mapa va a acompa\u00f1ado, en su versi\u00f3n impresa, por el texto del poeta Jorge N\u00e1jar \u00abLa geograf\u00eda parisina de C\u00e9sar Vallejo\u00bb y una serie de tarjetas con presentaci\u00f3n de cada punto del recorrido.<\/p>\n","protected":false},"author":1,"featured_media":0,"parent":0,"menu_order":0,"comment_status":"closed","ping_status":"closed","template":"","meta":{"footnotes":""},"class_list":["post-256837","page","type-page","status-publish","hentry","post"],"_links":{"self":[{"href":"https:\/\/cienfuegos.fr\/index.php\/wp-json\/wp\/v2\/pages\/256837","targetHints":{"allow":["GET"]}}],"collection":[{"href":"https:\/\/cienfuegos.fr\/index.php\/wp-json\/wp\/v2\/pages"}],"about":[{"href":"https:\/\/cienfuegos.fr\/index.php\/wp-json\/wp\/v2\/types\/page"}],"author":[{"embeddable":true,"href":"https:\/\/cienfuegos.fr\/index.php\/wp-json\/wp\/v2\/users\/1"}],"replies":[{"embeddable":true,"href":"https:\/\/cienfuegos.fr\/index.php\/wp-json\/wp\/v2\/comments?post=256837"}],"version-history":[{"count":2,"href":"https:\/\/cienfuegos.fr\/index.php\/wp-json\/wp\/v2\/pages\/256837\/revisions"}],"predecessor-version":[{"id":256858,"href":"https:\/\/cienfuegos.fr\/index.php\/wp-json\/wp\/v2\/pages\/256837\/revisions\/256858"}],"wp:attachment":[{"href":"https:\/\/cienfuegos.fr\/index.php\/wp-json\/wp\/v2\/media?parent=256837"}],"curies":[{"name":"wp","href":"https:\/\/api.w.org\/{rel}","templated":true}]}}