{"id":108,"date":"2020-02-05T20:46:00","date_gmt":"2020-02-05T19:46:00","guid":{"rendered":"https:\/\/cienfuegos.fr\/?page_id=108"},"modified":"2025-12-08T13:06:26","modified_gmt":"2025-12-08T12:06:26","slug":"la-prensa","status":"publish","type":"page","link":"https:\/\/cienfuegos.fr\/index.php\/la-prensa\/","title":{"rendered":"PRENSA"},"content":{"rendered":"\n<p class=\"has-text-align-center\"> Autres articles parus dans la presse <\/p>\n\n\n<div id='gallery-1' class='gallery galleryid-108 gallery-columns-1 gallery-size-large'><figure class='gallery-item'>\n\t\t\t<div class='gallery-icon landscape'>\n\t\t\t\t<a href='https:\/\/cienfuegos.fr\/wp-content\/uploads\/2020\/02\/Cien-Fuegos-_la-\u00faltima-librer\u00eda-latinoamericana-en-Par\u00eds_-Gastronom\u00eda-Estilo-de-Vida-Diario-La-Informacion-page-001-borrado.jpg'><img loading=\"lazy\" decoding=\"async\" width=\"1024\" height=\"869\" src=\"https:\/\/cienfuegos.fr\/wp-content\/uploads\/2020\/02\/Cien-Fuegos-_la-\u00faltima-librer\u00eda-latinoamericana-en-Par\u00eds_-Gastronom\u00eda-Estilo-de-Vida-Diario-La-Informacion-page-001-borrado-1024x869.jpg\" class=\"attachment-large size-large\" alt=\"\" srcset=\"https:\/\/cienfuegos.fr\/wp-content\/uploads\/2020\/02\/Cien-Fuegos-_la-\u00faltima-librer\u00eda-latinoamericana-en-Par\u00eds_-Gastronom\u00eda-Estilo-de-Vida-Diario-La-Informacion-page-001-borrado-1024x869.jpg 1024w, https:\/\/cienfuegos.fr\/wp-content\/uploads\/2020\/02\/Cien-Fuegos-_la-\u00faltima-librer\u00eda-latinoamericana-en-Par\u00eds_-Gastronom\u00eda-Estilo-de-Vida-Diario-La-Informacion-page-001-borrado-300x255.jpg 300w, https:\/\/cienfuegos.fr\/wp-content\/uploads\/2020\/02\/Cien-Fuegos-_la-\u00faltima-librer\u00eda-latinoamericana-en-Par\u00eds_-Gastronom\u00eda-Estilo-de-Vida-Diario-La-Informacion-page-001-borrado-768x652.jpg 768w, https:\/\/cienfuegos.fr\/wp-content\/uploads\/2020\/02\/Cien-Fuegos-_la-\u00faltima-librer\u00eda-latinoamericana-en-Par\u00eds_-Gastronom\u00eda-Estilo-de-Vida-Diario-La-Informacion-page-001-borrado-600x509.jpg 600w, https:\/\/cienfuegos.fr\/wp-content\/uploads\/2020\/02\/Cien-Fuegos-_la-\u00faltima-librer\u00eda-latinoamericana-en-Par\u00eds_-Gastronom\u00eda-Estilo-de-Vida-Diario-La-Informacion-page-001-borrado.jpg 1410w\" sizes=\"auto, (max-width: 1024px) 100vw, 1024px\" \/><\/a>\n\t\t\t<\/div><\/figure><figure class='gallery-item'>\n\t\t\t<div class='gallery-icon landscape'>\n\t\t\t\t<a href='https:\/\/cienfuegos.fr\/wp-content\/uploads\/2020\/02\/Cienfuegos-_-Reemplaz0-page-001-borrado.jpg'><img loading=\"lazy\" decoding=\"async\" width=\"1024\" height=\"724\" src=\"https:\/\/cienfuegos.fr\/wp-content\/uploads\/2020\/02\/Cienfuegos-_-Reemplaz0-page-001-borrado-1024x724.jpg\" class=\"attachment-large size-large\" alt=\"\" srcset=\"https:\/\/cienfuegos.fr\/wp-content\/uploads\/2020\/02\/Cienfuegos-_-Reemplaz0-page-001-borrado-1024x724.jpg 1024w, https:\/\/cienfuegos.fr\/wp-content\/uploads\/2020\/02\/Cienfuegos-_-Reemplaz0-page-001-borrado-300x212.jpg 300w, https:\/\/cienfuegos.fr\/wp-content\/uploads\/2020\/02\/Cienfuegos-_-Reemplaz0-page-001-borrado-768x543.jpg 768w, https:\/\/cienfuegos.fr\/wp-content\/uploads\/2020\/02\/Cienfuegos-_-Reemplaz0-page-001-borrado-1536x1086.jpg 1536w, https:\/\/cienfuegos.fr\/wp-content\/uploads\/2020\/02\/Cienfuegos-_-Reemplaz0-page-001-borrado-600x424.jpg 600w, https:\/\/cienfuegos.fr\/wp-content\/uploads\/2020\/02\/Cienfuegos-_-Reemplaz0-page-001-borrado.jpg 1754w\" sizes=\"auto, (max-width: 1024px) 100vw, 1024px\" \/><\/a>\n\t\t\t<\/div><\/figure><figure class='gallery-item'>\n\t\t\t<div class='gallery-icon portrait'>\n\t\t\t\t<a href='https:\/\/cienfuegos.fr\/wp-content\/uploads\/2020\/02\/La-parada-latinoamericana-en-Par\u00eds-_-LA-LIBRE.-ARTE-Y-LIBROS-page-001-1borrado.jpg'><img loading=\"lazy\" decoding=\"async\" width=\"724\" height=\"1024\" src=\"https:\/\/cienfuegos.fr\/wp-content\/uploads\/2020\/02\/La-parada-latinoamericana-en-Par\u00eds-_-LA-LIBRE.-ARTE-Y-LIBROS-page-001-1borrado-724x1024.jpg\" class=\"attachment-large size-large\" alt=\"\" srcset=\"https:\/\/cienfuegos.fr\/wp-content\/uploads\/2020\/02\/La-parada-latinoamericana-en-Par\u00eds-_-LA-LIBRE.-ARTE-Y-LIBROS-page-001-1borrado-724x1024.jpg 724w, https:\/\/cienfuegos.fr\/wp-content\/uploads\/2020\/02\/La-parada-latinoamericana-en-Par\u00eds-_-LA-LIBRE.-ARTE-Y-LIBROS-page-001-1borrado-212x300.jpg 212w, https:\/\/cienfuegos.fr\/wp-content\/uploads\/2020\/02\/La-parada-latinoamericana-en-Par\u00eds-_-LA-LIBRE.-ARTE-Y-LIBROS-page-001-1borrado-768x1086.jpg 768w, https:\/\/cienfuegos.fr\/wp-content\/uploads\/2020\/02\/La-parada-latinoamericana-en-Par\u00eds-_-LA-LIBRE.-ARTE-Y-LIBROS-page-001-1borrado-1086x1536.jpg 1086w, https:\/\/cienfuegos.fr\/wp-content\/uploads\/2020\/02\/La-parada-latinoamericana-en-Par\u00eds-_-LA-LIBRE.-ARTE-Y-LIBROS-page-001-1borrado-600x849.jpg 600w, https:\/\/cienfuegos.fr\/wp-content\/uploads\/2020\/02\/La-parada-latinoamericana-en-Par\u00eds-_-LA-LIBRE.-ARTE-Y-LIBROS-page-001-1borrado.jpg 1240w\" sizes=\"auto, (max-width: 724px) 100vw, 724px\" \/><\/a>\n\t\t\t<\/div><\/figure><figure class='gallery-item'>\n\t\t\t<div class='gallery-icon landscape'>\n\t\t\t\t<a href='https:\/\/cienfuegos.fr\/wp-content\/uploads\/2020\/02\/La-\u00faltima-librer\u00eda-latinoamericana-_-Cultura-_-EL-PA\u00cdS-page-001-borrado.jpg'><img loading=\"lazy\" decoding=\"async\" width=\"1024\" height=\"724\" src=\"https:\/\/cienfuegos.fr\/wp-content\/uploads\/2020\/02\/La-\u00faltima-librer\u00eda-latinoamericana-_-Cultura-_-EL-PA\u00cdS-page-001-borrado-1024x724.jpg\" class=\"attachment-large size-large\" alt=\"\" srcset=\"https:\/\/cienfuegos.fr\/wp-content\/uploads\/2020\/02\/La-\u00faltima-librer\u00eda-latinoamericana-_-Cultura-_-EL-PA\u00cdS-page-001-borrado-1024x724.jpg 1024w, https:\/\/cienfuegos.fr\/wp-content\/uploads\/2020\/02\/La-\u00faltima-librer\u00eda-latinoamericana-_-Cultura-_-EL-PA\u00cdS-page-001-borrado-300x212.jpg 300w, https:\/\/cienfuegos.fr\/wp-content\/uploads\/2020\/02\/La-\u00faltima-librer\u00eda-latinoamericana-_-Cultura-_-EL-PA\u00cdS-page-001-borrado-768x543.jpg 768w, https:\/\/cienfuegos.fr\/wp-content\/uploads\/2020\/02\/La-\u00faltima-librer\u00eda-latinoamericana-_-Cultura-_-EL-PA\u00cdS-page-001-borrado-1536x1086.jpg 1536w, https:\/\/cienfuegos.fr\/wp-content\/uploads\/2020\/02\/La-\u00faltima-librer\u00eda-latinoamericana-_-Cultura-_-EL-PA\u00cdS-page-001-borrado-600x424.jpg 600w, https:\/\/cienfuegos.fr\/wp-content\/uploads\/2020\/02\/La-\u00faltima-librer\u00eda-latinoamericana-_-Cultura-_-EL-PA\u00cdS-page-001-borrado.jpg 1754w\" sizes=\"auto, (max-width: 1024px) 100vw, 1024px\" \/><\/a>\n\t\t\t<\/div><\/figure><figure class='gallery-item'>\n\t\t\t<div class='gallery-icon portrait'>\n\t\t\t\t<a href='https:\/\/cienfuegos.fr\/wp-content\/uploads\/2020\/02\/Que-tal-paris-p.-14-page-001-cortado.jpg'><img loading=\"lazy\" decoding=\"async\" width=\"834\" height=\"1024\" src=\"https:\/\/cienfuegos.fr\/wp-content\/uploads\/2020\/02\/Que-tal-paris-p.-14-page-001-cortado-834x1024.jpg\" class=\"attachment-large size-large\" alt=\"\" srcset=\"https:\/\/cienfuegos.fr\/wp-content\/uploads\/2020\/02\/Que-tal-paris-p.-14-page-001-cortado-834x1024.jpg 834w, https:\/\/cienfuegos.fr\/wp-content\/uploads\/2020\/02\/Que-tal-paris-p.-14-page-001-cortado-244x300.jpg 244w, https:\/\/cienfuegos.fr\/wp-content\/uploads\/2020\/02\/Que-tal-paris-p.-14-page-001-cortado-768x944.jpg 768w, https:\/\/cienfuegos.fr\/wp-content\/uploads\/2020\/02\/Que-tal-paris-p.-14-page-001-cortado-1250x1536.jpg 1250w, https:\/\/cienfuegos.fr\/wp-content\/uploads\/2020\/02\/Que-tal-paris-p.-14-page-001-cortado-600x737.jpg 600w, https:\/\/cienfuegos.fr\/wp-content\/uploads\/2020\/02\/Que-tal-paris-p.-14-page-001-cortado.jpg 1584w\" sizes=\"auto, (max-width: 834px) 100vw, 834px\" \/><\/a>\n\t\t\t<\/div><\/figure><figure class='gallery-item'>\n\t\t\t<div class='gallery-icon portrait'>\n\t\t\t\t<a href='https:\/\/cienfuegos.fr\/wp-content\/uploads\/2020\/02\/Un-m\u00e9tier-de-survivants-page-001-borrado.jpg'><img loading=\"lazy\" decoding=\"async\" width=\"724\" height=\"1024\" src=\"https:\/\/cienfuegos.fr\/wp-content\/uploads\/2020\/02\/Un-m\u00e9tier-de-survivants-page-001-borrado-724x1024.jpg\" class=\"attachment-large size-large\" alt=\"\" srcset=\"https:\/\/cienfuegos.fr\/wp-content\/uploads\/2020\/02\/Un-m\u00e9tier-de-survivants-page-001-borrado-724x1024.jpg 724w, https:\/\/cienfuegos.fr\/wp-content\/uploads\/2020\/02\/Un-m\u00e9tier-de-survivants-page-001-borrado-212x300.jpg 212w, https:\/\/cienfuegos.fr\/wp-content\/uploads\/2020\/02\/Un-m\u00e9tier-de-survivants-page-001-borrado-768x1086.jpg 768w, https:\/\/cienfuegos.fr\/wp-content\/uploads\/2020\/02\/Un-m\u00e9tier-de-survivants-page-001-borrado-1086x1536.jpg 1086w, https:\/\/cienfuegos.fr\/wp-content\/uploads\/2020\/02\/Un-m\u00e9tier-de-survivants-page-001-borrado-600x849.jpg 600w, https:\/\/cienfuegos.fr\/wp-content\/uploads\/2020\/02\/Un-m\u00e9tier-de-survivants-page-001-borrado.jpg 1240w\" sizes=\"auto, (max-width: 724px) 100vw, 724px\" \/><\/a>\n\t\t\t<\/div><\/figure>\n\t\t<\/div>\n","protected":false},"excerpt":{"rendered":"<p>Autres articles parus dans la presse<\/p>\n","protected":false},"author":1,"featured_media":0,"parent":0,"menu_order":0,"comment_status":"closed","ping_status":"closed","template":"","meta":{"footnotes":""},"class_list":["post-108","page","type-page","status-publish","hentry","post"],"_links":{"self":[{"href":"https:\/\/cienfuegos.fr\/index.php\/wp-json\/wp\/v2\/pages\/108","targetHints":{"allow":["GET"]}}],"collection":[{"href":"https:\/\/cienfuegos.fr\/index.php\/wp-json\/wp\/v2\/pages"}],"about":[{"href":"https:\/\/cienfuegos.fr\/index.php\/wp-json\/wp\/v2\/types\/page"}],"author":[{"embeddable":true,"href":"https:\/\/cienfuegos.fr\/index.php\/wp-json\/wp\/v2\/users\/1"}],"replies":[{"embeddable":true,"href":"https:\/\/cienfuegos.fr\/index.php\/wp-json\/wp\/v2\/comments?post=108"}],"version-history":[{"count":4,"href":"https:\/\/cienfuegos.fr\/index.php\/wp-json\/wp\/v2\/pages\/108\/revisions"}],"predecessor-version":[{"id":310477,"href":"https:\/\/cienfuegos.fr\/index.php\/wp-json\/wp\/v2\/pages\/108\/revisions\/310477"}],"wp:attachment":[{"href":"https:\/\/cienfuegos.fr\/index.php\/wp-json\/wp\/v2\/media?parent=108"}],"curies":[{"name":"wp","href":"https:\/\/api.w.org\/{rel}","templated":true}]}}